{"id":17,"date":"2025-07-28T14:07:22","date_gmt":"2025-07-28T13:07:22","guid":{"rendered":"https:\/\/onactin.eu\/?page_id=17"},"modified":"2025-10-28T10:31:45","modified_gmt":"2025-10-28T09:31:45","slug":"home","status":"publish","type":"page","link":"https:\/\/onactin.eu\/de\/","title":{"rendered":"Startseite"},"content":{"rendered":"<div data-elementor-type=\"wp-page\" data-elementor-id=\"17\" class=\"elementor elementor-17\" data-elementor-post-type=\"page\">\n\t\t\t\t<div class=\"elementor-element elementor-element-21b99f9 e-con-full e-flex e-con e-parent\" data-id=\"21b99f9\" data-element_type=\"container\" data-e-type=\"container\" data-settings=\"{&quot;background_background&quot;:&quot;classic&quot;}\">\n\t\t\t\t<div class=\"elementor-element elementor-element-55aec5f animated-slow elementor-invisible elementor-widget elementor-widget-heading\" data-id=\"55aec5f\" data-element_type=\"widget\" data-e-type=\"widget\" data-settings=\"{&quot;_animation&quot;:&quot;fadeIn&quot;}\" data-widget_type=\"heading.default\">\n\t\t\t\t\t<h2 class=\"elementor-heading-title elementor-size-default\">WILLKOMMEN BEI<\/h2>\t\t\t\t<\/div>\n\t\t\t\t<div class=\"elementor-element elementor-element-b1cccbf animated-slow elementor-invisible elementor-widget elementor-widget-heading\" data-id=\"b1cccbf\" data-element_type=\"widget\" data-e-type=\"widget\" data-settings=\"{&quot;_animation&quot;:&quot;fadeInUp&quot;,&quot;_animation_delay&quot;:500}\" data-widget_type=\"heading.default\">\n\t\t\t\t\t<h1 class=\"elementor-heading-title elementor-size-default\">ACTIN Online-Ressourcen<\/h1>\t\t\t\t<\/div>\n\t\t\t\t<div class=\"elementor-element elementor-element-d6c30a4 animated-slow elementor-invisible elementor-widget elementor-widget-heading\" data-id=\"d6c30a4\" data-element_type=\"widget\" data-e-type=\"widget\" data-settings=\"{&quot;_animation&quot;:&quot;fadeInUp&quot;,&quot;_animation_delay&quot;:1000}\" data-widget_type=\"heading.default\">\n\t\t\t\t\t<h2 class=\"elementor-heading-title elementor-size-default\">ACT and connect for INtegration: Sprachenlernen und kulturelles Bewusstsein<\/h2>\t\t\t\t<\/div>\n\t\t\t\t<div class=\"elementor-element elementor-element-cf89ef1 animated-slow elementor-view-default elementor-invisible elementor-widget elementor-widget-icon\" data-id=\"cf89ef1\" data-element_type=\"widget\" data-e-type=\"widget\" data-settings=\"{&quot;_animation&quot;:&quot;fadeInDown&quot;,&quot;_animation_delay&quot;:1500}\" data-widget_type=\"icon.default\">\n\t\t\t\t\t\t\t<div class=\"elementor-icon-wrapper\">\n\t\t\t<div class=\"elementor-icon\">\n\t\t\t<svg aria-hidden=\"true\" class=\"e-font-icon-svg e-fas-chevron-down\" viewbox=\"0 0 448 512\" xmlns=\"http:\/\/www.w3.org\/2000\/svg\"><path d=\"M207.029 381.476L12.686 187.132c-9.373-9.373-9.373-24.569 0-33.941l22.667-22.667c9.357-9.357 24.522-9.375 33.901-.04L224 284.505l154.745-154.021c9.379-9.335 24.544-9.317 33.901.04l22.667 22.667c9.373 9.373 9.373 24.569 0 33.941L240.971 381.476c-9.373 9.372-24.569 9.372-33.942 0z\"><\/path><\/svg>\t\t\t<\/div>\n\t\t<\/div>\n\t\t\t\t\t\t<\/div>\n\t\t\t\t<\/div>\n\t\t<div class=\"elementor-element elementor-element-1642a30 e-con-full e-flex e-con e-parent\" data-id=\"1642a30\" data-element_type=\"container\" data-e-type=\"container\" data-settings=\"{&quot;background_background&quot;:&quot;classic&quot;}\">\n\t\t<div class=\"elementor-element elementor-element-971c04a e-con-full e-flex e-con e-child\" data-id=\"971c04a\" data-element_type=\"container\" data-e-type=\"container\" data-settings=\"{&quot;background_background&quot;:&quot;classic&quot;}\">\n\t\t\t\t<\/div>\n\t\t<div class=\"elementor-element elementor-element-69b26dd e-con-full e-flex e-con e-child\" data-id=\"69b26dd\" data-element_type=\"container\" data-e-type=\"container\">\n\t\t\t\t<div class=\"elementor-element elementor-element-057cfa3 elementor-widget elementor-widget-heading\" data-id=\"057cfa3\" data-element_type=\"widget\" data-e-type=\"widget\" data-widget_type=\"heading.default\">\n\t\t\t\t\t<h2 class=\"elementor-heading-title elementor-size-default\">Formale Bildung<\/h2>\t\t\t\t<\/div>\n\t\t\t\t<div class=\"elementor-element elementor-element-c52274a elementor-widget elementor-widget-text-editor\" data-id=\"c52274a\" data-element_type=\"widget\" data-e-type=\"widget\" data-widget_type=\"text-editor.default\">\n\t\t\t\t\t\t\t\t\t<p>Lehrer und andere P\u00e4dagogen k\u00f6nnen sich hier unsere herunterladbaren Lernpfad-Ressourcen ansehen.<\/p>\t\t\t\t\t\t\t\t<\/div>\n\t\t\t\t<div class=\"elementor-element elementor-element-ae8a612 animated-slow elementor-invisible elementor-widget elementor-widget-button\" data-id=\"ae8a612\" data-element_type=\"widget\" data-e-type=\"widget\" data-settings=\"{&quot;_animation&quot;:&quot;fadeInUp&quot;}\" data-widget_type=\"button.default\">\n\t\t\t\t\t\t\t\t\t\t<a class=\"elementor-button elementor-button-link elementor-size-sm\" href=\"https:\/\/onactin.eu\/de\/ressourcen-fur-padagogen\/\">\n\t\t\t\t\t\t<span class=\"elementor-button-content-wrapper\">\n\t\t\t\t\t\t<span class=\"elementor-button-icon\">\n\t\t\t\t<svg aria-hidden=\"true\" class=\"e-font-icon-svg e-fas-arrow-alt-circle-right\" viewbox=\"0 0 512 512\" xmlns=\"http:\/\/www.w3.org\/2000\/svg\"><path d=\"M256 8c137 0 248 111 248 248S393 504 256 504 8 393 8 256 119 8 256 8zM140 300h116v70.9c0 10.7 13 16.1 20.5 8.5l114.3-114.9c4.7-4.7 4.7-12.2 0-16.9l-114.3-115c-7.6-7.6-20.5-2.2-20.5 8.5V212H140c-6.6 0-12 5.4-12 12v64c0 6.6 5.4 12 12 12z\"><\/path><\/svg>\t\t\t<\/span>\n\t\t\t\t\t\t\t\t\t<span class=\"elementor-button-text\">Ressourcen zur formalen Bildung anzeigen <\/span>\n\t\t\t\t\t<\/span>\n\t\t\t\t\t<\/a>\n\t\t\t\t\t\t\t\t<\/div>\n\t\t\t\t<\/div>\n\t\t\t\t<\/div>\n\t\t<div class=\"elementor-element elementor-element-278ea1f e-con-full e-flex e-con e-parent\" data-id=\"278ea1f\" data-element_type=\"container\" data-e-type=\"container\" data-settings=\"{&quot;background_background&quot;:&quot;classic&quot;}\">\n\t\t<div class=\"elementor-element elementor-element-0bc99e8 e-con-full e-flex e-con e-child\" data-id=\"0bc99e8\" data-element_type=\"container\" data-e-type=\"container\" data-settings=\"{&quot;background_background&quot;:&quot;classic&quot;}\">\n\t\t\t\t<\/div>\n\t\t<div class=\"elementor-element elementor-element-cfdc3dc e-con-full e-flex e-con e-child\" data-id=\"cfdc3dc\" data-element_type=\"container\" data-e-type=\"container\">\n\t\t\t\t<div class=\"elementor-element elementor-element-ca74d28 elementor-widget elementor-widget-heading\" data-id=\"ca74d28\" data-element_type=\"widget\" data-e-type=\"widget\" data-widget_type=\"heading.default\">\n\t\t\t\t\t<h2 class=\"elementor-heading-title elementor-size-default\">Ressourcen der Gemeinschaft<\/h2>\t\t\t\t<\/div>\n\t\t\t\t<div class=\"elementor-element elementor-element-bb3fdd7 elementor-widget elementor-widget-text-editor\" data-id=\"bb3fdd7\" data-element_type=\"widget\" data-e-type=\"widget\" data-widget_type=\"text-editor.default\">\n\t\t\t\t\t\t\t\t\t<p class=\"elementor-heading-title elementor-size-default\">Nicht-formale Aktivit\u00e4ten f\u00fcr Sprachpraxis und soziale Eingliederung...<\/p>\t\t\t\t\t\t\t\t<\/div>\n\t\t\t\t<div class=\"elementor-element elementor-element-7026fa0 animated-slow elementor-invisible elementor-widget elementor-widget-button\" data-id=\"7026fa0\" data-element_type=\"widget\" data-e-type=\"widget\" data-settings=\"{&quot;_animation&quot;:&quot;fadeInUp&quot;}\" data-widget_type=\"button.default\">\n\t\t\t\t\t\t\t\t\t\t<a class=\"elementor-button elementor-button-link elementor-size-sm\" href=\"https:\/\/onactin.eu\/de\/gemeinschaftliche-ressourcen\/\">\n\t\t\t\t\t\t<span class=\"elementor-button-content-wrapper\">\n\t\t\t\t\t\t<span class=\"elementor-button-icon\">\n\t\t\t\t<svg aria-hidden=\"true\" class=\"e-font-icon-svg e-fas-arrow-alt-circle-right\" viewbox=\"0 0 512 512\" xmlns=\"http:\/\/www.w3.org\/2000\/svg\"><path d=\"M256 8c137 0 248 111 248 248S393 504 256 504 8 393 8 256 119 8 256 8zM140 300h116v70.9c0 10.7 13 16.1 20.5 8.5l114.3-114.9c4.7-4.7 4.7-12.2 0-16.9l-114.3-115c-7.6-7.6-20.5-2.2-20.5 8.5V212H140c-6.6 0-12 5.4-12 12v64c0 6.6 5.4 12 12 12z\"><\/path><\/svg>\t\t\t<\/span>\n\t\t\t\t\t\t\t\t\t<span class=\"elementor-button-text\">Ressourcen der Gemeinschaft anzeigen<\/span>\n\t\t\t\t\t<\/span>\n\t\t\t\t\t<\/a>\n\t\t\t\t\t\t\t\t<\/div>\n\t\t\t\t<\/div>\n\t\t\t\t<\/div>\n\t\t<div class=\"elementor-element elementor-element-d3012b8 e-con-full e-flex e-con e-parent\" data-id=\"d3012b8\" data-element_type=\"container\" data-e-type=\"container\" data-settings=\"{&quot;background_background&quot;:&quot;classic&quot;}\">\n\t\t<div class=\"elementor-element elementor-element-01f717f e-con-full e-flex e-con e-child\" data-id=\"01f717f\" data-element_type=\"container\" data-e-type=\"container\" data-settings=\"{&quot;background_background&quot;:&quot;classic&quot;}\">\n\t\t\t\t<\/div>\n\t\t<div class=\"elementor-element elementor-element-19f9739 e-con-full e-flex e-con e-child\" data-id=\"19f9739\" data-element_type=\"container\" data-e-type=\"container\">\n\t\t\t\t<div class=\"elementor-element elementor-element-b79d6b5 elementor-widget elementor-widget-heading\" data-id=\"b79d6b5\" data-element_type=\"widget\" data-e-type=\"widget\" data-widget_type=\"heading.default\">\n\t\t\t\t\t<h2 class=\"elementor-heading-title elementor-size-default\">Ressourcen f\u00fcr Lernende<\/h2>\t\t\t\t<\/div>\n\t\t\t\t<div class=\"elementor-element elementor-element-fab0f2a elementor-widget elementor-widget-text-editor\" data-id=\"fab0f2a\" data-element_type=\"widget\" data-e-type=\"widget\" data-widget_type=\"text-editor.default\">\n\t\t\t\t\t\t\t\t\t<p>Studenten und andere Lernende k\u00f6nnen hier unsere interaktiven Lernressourcen einsehen.<\/p>\t\t\t\t\t\t\t\t<\/div>\n\t\t\t\t<div class=\"elementor-element elementor-element-338c88f animated-slow elementor-invisible elementor-widget elementor-widget-button\" data-id=\"338c88f\" data-element_type=\"widget\" data-e-type=\"widget\" data-settings=\"{&quot;_animation&quot;:&quot;fadeInUp&quot;}\" data-widget_type=\"button.default\">\n\t\t\t\t\t\t\t\t\t\t<a class=\"elementor-button elementor-size-sm\" role=\"button\">\n\t\t\t\t\t\t<span class=\"elementor-button-content-wrapper\">\n\t\t\t\t\t\t<span class=\"elementor-button-icon\">\n\t\t\t\t<svg aria-hidden=\"true\" class=\"e-font-icon-svg e-fas-arrow-alt-circle-right\" viewbox=\"0 0 512 512\" xmlns=\"http:\/\/www.w3.org\/2000\/svg\"><path d=\"M256 8c137 0 248 111 248 248S393 504 256 504 8 393 8 256 119 8 256 8zM140 300h116v70.9c0 10.7 13 16.1 20.5 8.5l114.3-114.9c4.7-4.7 4.7-12.2 0-16.9l-114.3-115c-7.6-7.6-20.5-2.2-20.5 8.5V212H140c-6.6 0-12 5.4-12 12v64c0 6.6 5.4 12 12 12z\"><\/path><\/svg>\t\t\t<\/span>\n\t\t\t\t\t\t\t\t\t<span class=\"elementor-button-text\">Ressourcen f\u00fcr Lernende anzeigen (in K\u00fcrze)<\/span>\n\t\t\t\t\t<\/span>\n\t\t\t\t\t<\/a>\n\t\t\t\t\t\t\t\t<\/div>\n\t\t\t\t<\/div>\n\t\t\t\t<\/div>\n\t\t\t\t<\/div>","protected":false},"excerpt":{"rendered":"<p>WELCOME TO ACTIN Online Resources ACT and connect for INtegration: language learning and cultural awareness Formal Education Teachers &amp; other Educators, view our downloadable learning path resources here.. View Formal Education Resources Community Resources Non-Formal Activities for Language Practice and Social Inclusion.. View Community Resources Learners\u2019 Resources Students and other Learners, view our interactive learning [&hellip;]<\/p>\n","protected":false},"author":2,"featured_media":0,"parent":0,"menu_order":0,"comment_status":"closed","ping_status":"closed","template":"elementor_header_footer","meta":{"_acf_changed":false,"_crdt_document":"","inline_featured_image":false,"footnotes":""},"class_list":["post-17","page","type-page","status-publish","hentry"],"acf":[],"yoast_head":"<!-- This site is optimized with the Yoast SEO plugin v27.4 - https:\/\/yoast.com\/product\/yoast-seo-wordpress\/ -->\n<title>OnActin - Language learning &amp; cultural awareness<\/title>\n<meta name=\"description\" content=\"ACTIN is an EU project that supports &amp; reinforces the integration of migrant children &amp; adolescents in education &amp; European society.\" \/>\n<meta name=\"robots\" content=\"index, follow, max-snippet:-1, max-image-preview:large, max-video-preview:-1\" \/>\n<link rel=\"canonical\" href=\"https:\/\/onactin.eu\/de\/\" \/>\n<meta property=\"og:locale\" content=\"de_DE\" \/>\n<meta property=\"og:type\" content=\"article\" \/>\n<meta property=\"og:title\" content=\"OnActin - Language learning &amp; cultural awareness\" \/>\n<meta property=\"og:description\" content=\"ACTIN is an EU project that supports &amp; reinforces the integration of migrant children &amp; adolescents in education &amp; European society.\" \/>\n<meta property=\"og:url\" content=\"https:\/\/onactin.eu\/de\/\" \/>\n<meta property=\"og:site_name\" content=\"OnActin Resources\" \/>\n<meta property=\"article:publisher\" content=\"https:\/\/www.facebook.com\/profile.php?id=61561281547239\" \/>\n<meta property=\"article:modified_time\" content=\"2025-10-28T09:31:45+00:00\" \/>\n<meta property=\"og:image\" content=\"https:\/\/onactin.eu\/wp-content\/uploads\/2025\/07\/Favicon.png\" \/>\n\t<meta property=\"og:image:width\" content=\"164\" \/>\n\t<meta property=\"og:image:height\" content=\"165\" \/>\n\t<meta property=\"og:image:type\" content=\"image\/png\" \/>\n<meta name=\"twitter:card\" content=\"summary_large_image\" \/>\n<meta name=\"twitter:title\" content=\"OnActin - Language learning &amp; cultural awareness\" \/>\n<meta name=\"twitter:description\" content=\"ACTIN is an EU project that supports &amp; reinforces the integration of migrant children &amp; adolescents in education &amp; European society.\" \/>\n<meta name=\"twitter:image\" content=\"https:\/\/onactin.eu\/wp-content\/uploads\/2025\/07\/Favicon.png\" \/>\n<meta name=\"twitter:label1\" content=\"Gesch\u00e4tzte Lesezeit\" \/>\n\t<meta name=\"twitter:data1\" content=\"1\u00a0Minute\" \/>\n<script type=\"application\/ld+json\" class=\"yoast-schema-graph\">{\"@context\":\"https:\\\/\\\/schema.org\",\"@graph\":[{\"@type\":\"WebPage\",\"@id\":\"https:\\\/\\\/onactin.eu\\\/\",\"url\":\"https:\\\/\\\/onactin.eu\\\/\",\"name\":\"OnActin - Language learning & cultural awareness\",\"isPartOf\":{\"@id\":\"https:\\\/\\\/onactin.eu\\\/#website\"},\"datePublished\":\"2025-07-28T13:07:22+00:00\",\"dateModified\":\"2025-10-28T09:31:45+00:00\",\"description\":\"ACTIN is an EU project that supports & reinforces the integration of migrant children & adolescents in education & European society.\",\"breadcrumb\":{\"@id\":\"https:\\\/\\\/onactin.eu\\\/#breadcrumb\"},\"inLanguage\":\"de\",\"potentialAction\":[{\"@type\":\"ReadAction\",\"target\":[\"https:\\\/\\\/onactin.eu\\\/\"]}]},{\"@type\":\"BreadcrumbList\",\"@id\":\"https:\\\/\\\/onactin.eu\\\/#breadcrumb\",\"itemListElement\":[{\"@type\":\"ListItem\",\"position\":1,\"name\":\"Home\",\"item\":\"https:\\\/\\\/onactin.eu\\\/\"},{\"@type\":\"ListItem\",\"position\":2,\"name\":\"Home\"}]},{\"@type\":\"WebSite\",\"@id\":\"https:\\\/\\\/onactin.eu\\\/#website\",\"url\":\"https:\\\/\\\/onactin.eu\\\/\",\"name\":\"OnActin Resources\",\"description\":\"\",\"publisher\":{\"@id\":\"https:\\\/\\\/onactin.eu\\\/#organization\"},\"potentialAction\":[{\"@type\":\"SearchAction\",\"target\":{\"@type\":\"EntryPoint\",\"urlTemplate\":\"https:\\\/\\\/onactin.eu\\\/?s={search_term_string}\"},\"query-input\":{\"@type\":\"PropertyValueSpecification\",\"valueRequired\":true,\"valueName\":\"search_term_string\"}}],\"inLanguage\":\"de\"},{\"@type\":\"Organization\",\"@id\":\"https:\\\/\\\/onactin.eu\\\/#organization\",\"name\":\"OnActin Resources\",\"url\":\"https:\\\/\\\/onactin.eu\\\/\",\"logo\":{\"@type\":\"ImageObject\",\"inLanguage\":\"de\",\"@id\":\"https:\\\/\\\/onactin.eu\\\/#\\\/schema\\\/logo\\\/image\\\/\",\"url\":\"https:\\\/\\\/onactin.eu\\\/wp-content\\\/uploads\\\/2025\\\/07\\\/Actin-Logo.png\",\"contentUrl\":\"https:\\\/\\\/onactin.eu\\\/wp-content\\\/uploads\\\/2025\\\/07\\\/Actin-Logo.png\",\"width\":368,\"height\":165,\"caption\":\"OnActin Resources\"},\"image\":{\"@id\":\"https:\\\/\\\/onactin.eu\\\/#\\\/schema\\\/logo\\\/image\\\/\"},\"sameAs\":[\"https:\\\/\\\/www.facebook.com\\\/profile.php?id=61561281547239\",\"https:\\\/\\\/www.instagram.com\\\/act_connect_integration\\\/\",\"https:\\\/\\\/www.linkedin.com\\\/groups\\\/13083360\\\/\"]}]}<\/script>\n<!-- \/ Yoast SEO plugin. -->","yoast_head_json":{"title":"OnActin - Sprachenlernen und kulturelles Bewusstsein","description":"ACTIN ist ein EU-Projekt, das die Integration von Kindern und Jugendlichen mit Migrationshintergrund in das Bildungssystem und die europ\u00e4ische Gesellschaft unterst\u00fctzt und st\u00e4rkt.","robots":{"index":"index","follow":"follow","max-snippet":"max-snippet:-1","max-image-preview":"max-image-preview:large","max-video-preview":"max-video-preview:-1"},"canonical":"https:\/\/onactin.eu\/de\/","og_locale":"de_DE","og_type":"article","og_title":"OnActin - Language learning & cultural awareness","og_description":"ACTIN is an EU project that supports & reinforces the integration of migrant children & adolescents in education & European society.","og_url":"https:\/\/onactin.eu\/de\/","og_site_name":"OnActin Resources","article_publisher":"https:\/\/www.facebook.com\/profile.php?id=61561281547239","article_modified_time":"2025-10-28T09:31:45+00:00","og_image":[{"width":164,"height":165,"url":"https:\/\/onactin.eu\/wp-content\/uploads\/2025\/07\/Favicon.png","type":"image\/png"}],"twitter_card":"summary_large_image","twitter_title":"OnActin - Language learning & cultural awareness","twitter_description":"ACTIN is an EU project that supports & reinforces the integration of migrant children & adolescents in education & European society.","twitter_image":"https:\/\/onactin.eu\/wp-content\/uploads\/2025\/07\/Favicon.png","twitter_misc":{"Gesch\u00e4tzte Lesezeit":"1\u00a0Minute"},"schema":{"@context":"https:\/\/schema.org","@graph":[{"@type":"WebPage","@id":"https:\/\/onactin.eu\/","url":"https:\/\/onactin.eu\/","name":"OnActin - Sprachenlernen und kulturelles Bewusstsein","isPartOf":{"@id":"https:\/\/onactin.eu\/#website"},"datePublished":"2025-07-28T13:07:22+00:00","dateModified":"2025-10-28T09:31:45+00:00","description":"ACTIN ist ein EU-Projekt, das die Integration von Kindern und Jugendlichen mit Migrationshintergrund in das Bildungssystem und die europ\u00e4ische Gesellschaft unterst\u00fctzt und st\u00e4rkt.","breadcrumb":{"@id":"https:\/\/onactin.eu\/#breadcrumb"},"inLanguage":"de","potentialAction":[{"@type":"ReadAction","target":["https:\/\/onactin.eu\/"]}]},{"@type":"BreadcrumbList","@id":"https:\/\/onactin.eu\/#breadcrumb","itemListElement":[{"@type":"ListItem","position":1,"name":"Home","item":"https:\/\/onactin.eu\/"},{"@type":"ListItem","position":2,"name":"Home"}]},{"@type":"WebSite","@id":"https:\/\/onactin.eu\/#website","url":"https:\/\/onactin.eu\/","name":"OnActin-Ressourcen","description":"","publisher":{"@id":"https:\/\/onactin.eu\/#organization"},"potentialAction":[{"@type":"SearchAction","target":{"@type":"EntryPoint","urlTemplate":"https:\/\/onactin.eu\/?s={search_term_string}"},"query-input":{"@type":"PropertyValueSpecification","valueRequired":true,"valueName":"search_term_string"}}],"inLanguage":"de"},{"@type":"Organization","@id":"https:\/\/onactin.eu\/#organization","name":"OnActin-Ressourcen","url":"https:\/\/onactin.eu\/","logo":{"@type":"ImageObject","inLanguage":"de","@id":"https:\/\/onactin.eu\/#\/schema\/logo\/image\/","url":"https:\/\/onactin.eu\/wp-content\/uploads\/2025\/07\/Actin-Logo.png","contentUrl":"https:\/\/onactin.eu\/wp-content\/uploads\/2025\/07\/Actin-Logo.png","width":368,"height":165,"caption":"OnActin Resources"},"image":{"@id":"https:\/\/onactin.eu\/#\/schema\/logo\/image\/"},"sameAs":["https:\/\/www.facebook.com\/profile.php?id=61561281547239","https:\/\/www.instagram.com\/act_connect_integration\/","https:\/\/www.linkedin.com\/groups\/13083360\/"]}]}},"_links":{"self":[{"href":"https:\/\/onactin.eu\/de\/wp-json\/wp\/v2\/pages\/17","targetHints":{"allow":["GET"]}}],"collection":[{"href":"https:\/\/onactin.eu\/de\/wp-json\/wp\/v2\/pages"}],"about":[{"href":"https:\/\/onactin.eu\/de\/wp-json\/wp\/v2\/types\/page"}],"author":[{"embeddable":true,"href":"https:\/\/onactin.eu\/de\/wp-json\/wp\/v2\/users\/2"}],"replies":[{"embeddable":true,"href":"https:\/\/onactin.eu\/de\/wp-json\/wp\/v2\/comments?post=17"}],"version-history":[{"count":45,"href":"https:\/\/onactin.eu\/de\/wp-json\/wp\/v2\/pages\/17\/revisions"}],"predecessor-version":[{"id":742,"href":"https:\/\/onactin.eu\/de\/wp-json\/wp\/v2\/pages\/17\/revisions\/742"}],"wp:attachment":[{"href":"https:\/\/onactin.eu\/de\/wp-json\/wp\/v2\/media?parent=17"}],"curies":[{"name":"wp","href":"https:\/\/api.w.org\/{rel}","templated":true}]}}