{"id":13,"date":"2025-07-28T14:06:28","date_gmt":"2025-07-28T13:06:28","guid":{"rendered":"https:\/\/onactin.eu\/?page_id=13"},"modified":"2025-07-28T15:19:56","modified_gmt":"2025-07-28T14:19:56","slug":"declaration-daccessibilite","status":"publish","type":"page","link":"https:\/\/onactin.eu\/fr\/accessibility-statement\/","title":{"rendered":"D\u00e9claration d'accessibilit\u00e9"},"content":{"rendered":"<div data-elementor-type=\"wp-page\" data-elementor-id=\"13\" class=\"elementor elementor-13\" data-elementor-post-type=\"page\">\n\t\t\t\t<div class=\"elementor-element elementor-element-5e1b02bd e-con-full e-flex e-con e-parent\" data-id=\"5e1b02bd\" data-element_type=\"container\" data-e-type=\"container\">\n\t\t\t\t<div class=\"elementor-element elementor-element-6a7ba78 elementor-widget elementor-widget-heading\" data-id=\"6a7ba78\" data-element_type=\"widget\" data-e-type=\"widget\" data-widget_type=\"heading.default\">\n\t\t\t\t\t<h1 class=\"elementor-heading-title elementor-size-default\">D\u00e9claration d'accessibilit\u00e9<\/h1>\t\t\t\t<\/div>\n\t\t\t\t<div class=\"elementor-element elementor-element-52278b35 elementor-widget elementor-widget-text-editor\" data-id=\"52278b35\" data-element_type=\"widget\" data-e-type=\"widget\" data-widget_type=\"text-editor.default\">\n\t\t\t\t\t\t\t\t\t\r\n\r\n\r\n<p class=\"wp-block-paragraph\"><strong>ActIn<\/strong> s'engage \u00e0 garantir l'accessibilit\u00e9 num\u00e9rique aux personnes handicap\u00e9es. Nous am\u00e9liorons continuellement l'exp\u00e9rience utilisateur pour tous et appliquons les normes d'accessibilit\u00e9 pertinentes.<\/p>\r\n\r\n\r\n\r\n<p><strong>\u00c9tat de conformit\u00e9<\/strong><\/p>\r\n\r\n\r\n\r\n<p class=\"wp-block-paragraph\">Les lignes directrices pour l'accessibilit\u00e9 des contenus web (WCAG) d\u00e9finissent des exigences pour les concepteurs et les d\u00e9veloppeurs afin d'am\u00e9liorer l'accessibilit\u00e9 pour les personnes handicap\u00e9es. Elles d\u00e9finissent trois niveaux de conformit\u00e9 : Niveau A, Niveau AA et Niveau AAA.<\/p>\r\n\r\n\r\n\r\n<p class=\"wp-block-paragraph\"><strong>ActIn<\/strong> s'efforce constamment d'am\u00e9liorer l'accessibilit\u00e9 de son site et de ses services, convaincu qu'il est de notre obligation morale collective de permettre une utilisation transparente, accessible et sans entrave pour ceux d'entre nous qui souffrent d'un handicap.<\/p>\r\n\r\n\r\n\r\n<p class=\"wp-block-paragraph\">Notre objectif est de faire en sorte que toutes les pages et tous les contenus du site <strong>https:\/\/onactin.eu\/<\/strong> accessible, mais certains contenus ne r\u00e9pondent pas encore totalement aux normes d'accessibilit\u00e9 les plus strictes. Cela peut \u00eatre d\u00fb \u00e0 des difficult\u00e9s \u00e0 identifier la solution technologique la plus appropri\u00e9e.<\/p>\r\n\r\n\r\n\r\n<p class=\"wp-block-paragraph\">Nous pouvons r\u00e9viser la pr\u00e9sente d\u00e9claration p\u00e9riodiquement pour refl\u00e9ter les am\u00e9liorations ou les changements apport\u00e9s \u00e0 nos pratiques en mati\u00e8re d'accessibilit\u00e9.<\/p>\r\n\r\n\r\n\r\n<p><strong>Retour d'information<\/strong><\/p>\r\n\r\n\r\n\r\n<p class=\"wp-block-paragraph\">Nous vous invitons \u00e0 nous faire part de vos commentaires sur l'accessibilit\u00e9 de <strong>ActIn<\/strong> site web. N'h\u00e9sitez pas \u00e0 nous faire savoir si vous rencontrez des obstacles \u00e0 l'accessibilit\u00e9 sur notre site web :<\/p>\r\n\r\n\r\n\r\n<p class=\"wp-block-paragraph\">E-mail : <strong>actin@lit.auth.gr<\/strong><\/p>\r\n\r\n\r\n\r\n<p class=\"wp-block-paragraph\">Nous nous effor\u00e7ons de r\u00e9pondre aux commentaires dans un d\u00e9lai de 3 \u00e0 5 jours ouvrables.<\/p>\r\n\r\n\r\n\r\n<p class=\"wp-block-paragraph\">Cette d\u00e9claration a \u00e9t\u00e9 cr\u00e9\u00e9e le 28\/07\/2025.<\/p>\r\n\t\t\t\t\t\t\t\t<\/div>\n\t\t\t\t<\/div>\n\t\t\t\t<\/div>","protected":false},"excerpt":{"rendered":"<p>ActIn is committed to ensuring digital accessibility for people with disabilities. We are continually improving the user experience for everyone and applying the relevant accessibility standards. Conformance status The Web Content Accessibility Guidelines (WCAG) defines requirements for designers and developers to improve accessibility for people with disabilities. It defines three levels of conformance: Level A, [&hellip;]<\/p>\n","protected":false},"author":2,"featured_media":0,"parent":0,"menu_order":0,"comment_status":"closed","ping_status":"closed","template":"elementor_header_footer","meta":{"_acf_changed":false,"_crdt_document":"","inline_featured_image":false,"footnotes":""},"class_list":["post-13","page","type-page","status-publish","hentry"],"acf":[],"yoast_head":"<!-- This site is optimized with the Yoast SEO plugin v27.4 - https:\/\/yoast.com\/product\/yoast-seo-wordpress\/ -->\n<title>Accessibility Statement - OnActin Resources<\/title>\n<meta name=\"robots\" content=\"index, follow, max-snippet:-1, max-image-preview:large, max-video-preview:-1\" \/>\n<link rel=\"canonical\" href=\"https:\/\/onactin.eu\/fr\/declaration-daccessibilite\/\" \/>\n<meta property=\"og:locale\" content=\"fr_FR\" \/>\n<meta property=\"og:type\" content=\"article\" \/>\n<meta property=\"og:title\" content=\"Accessibility Statement - OnActin Resources\" \/>\n<meta property=\"og:description\" content=\"ActIn is committed to ensuring digital accessibility for people with disabilities. We are continually improving the user experience for everyone and applying the relevant accessibility standards. Conformance status The Web Content Accessibility Guidelines (WCAG) defines requirements for designers and developers to improve accessibility for people with disabilities. It defines three levels of conformance: Level A, [&hellip;]\" \/>\n<meta property=\"og:url\" content=\"https:\/\/onactin.eu\/fr\/declaration-daccessibilite\/\" \/>\n<meta property=\"og:site_name\" content=\"OnActin Resources\" \/>\n<meta property=\"article:publisher\" content=\"https:\/\/www.facebook.com\/profile.php?id=61561281547239\" \/>\n<meta property=\"article:modified_time\" content=\"2025-07-28T14:19:56+00:00\" \/>\n<meta name=\"twitter:card\" content=\"summary_large_image\" \/>\n<meta name=\"twitter:label1\" content=\"Dur\u00e9e de lecture estim\u00e9e\" \/>\n\t<meta name=\"twitter:data1\" content=\"1 minute\" \/>\n<script type=\"application\/ld+json\" class=\"yoast-schema-graph\">{\"@context\":\"https:\\\/\\\/schema.org\",\"@graph\":[{\"@type\":\"WebPage\",\"@id\":\"https:\\\/\\\/onactin.eu\\\/accessibility-statement\\\/\",\"url\":\"https:\\\/\\\/onactin.eu\\\/accessibility-statement\\\/\",\"name\":\"Accessibility Statement - OnActin Resources\",\"isPartOf\":{\"@id\":\"https:\\\/\\\/onactin.eu\\\/#website\"},\"datePublished\":\"2025-07-28T13:06:28+00:00\",\"dateModified\":\"2025-07-28T14:19:56+00:00\",\"breadcrumb\":{\"@id\":\"https:\\\/\\\/onactin.eu\\\/accessibility-statement\\\/#breadcrumb\"},\"inLanguage\":\"fr-FR\",\"potentialAction\":[{\"@type\":\"ReadAction\",\"target\":[\"https:\\\/\\\/onactin.eu\\\/accessibility-statement\\\/\"]}]},{\"@type\":\"BreadcrumbList\",\"@id\":\"https:\\\/\\\/onactin.eu\\\/accessibility-statement\\\/#breadcrumb\",\"itemListElement\":[{\"@type\":\"ListItem\",\"position\":1,\"name\":\"Home\",\"item\":\"https:\\\/\\\/onactin.eu\\\/\"},{\"@type\":\"ListItem\",\"position\":2,\"name\":\"Accessibility Statement\"}]},{\"@type\":\"WebSite\",\"@id\":\"https:\\\/\\\/onactin.eu\\\/#website\",\"url\":\"https:\\\/\\\/onactin.eu\\\/\",\"name\":\"OnActin Resources\",\"description\":\"\",\"publisher\":{\"@id\":\"https:\\\/\\\/onactin.eu\\\/#organization\"},\"potentialAction\":[{\"@type\":\"SearchAction\",\"target\":{\"@type\":\"EntryPoint\",\"urlTemplate\":\"https:\\\/\\\/onactin.eu\\\/?s={search_term_string}\"},\"query-input\":{\"@type\":\"PropertyValueSpecification\",\"valueRequired\":true,\"valueName\":\"search_term_string\"}}],\"inLanguage\":\"fr-FR\"},{\"@type\":\"Organization\",\"@id\":\"https:\\\/\\\/onactin.eu\\\/#organization\",\"name\":\"OnActin Resources\",\"url\":\"https:\\\/\\\/onactin.eu\\\/\",\"logo\":{\"@type\":\"ImageObject\",\"inLanguage\":\"fr-FR\",\"@id\":\"https:\\\/\\\/onactin.eu\\\/#\\\/schema\\\/logo\\\/image\\\/\",\"url\":\"https:\\\/\\\/onactin.eu\\\/wp-content\\\/uploads\\\/2025\\\/07\\\/Actin-Logo.png\",\"contentUrl\":\"https:\\\/\\\/onactin.eu\\\/wp-content\\\/uploads\\\/2025\\\/07\\\/Actin-Logo.png\",\"width\":368,\"height\":165,\"caption\":\"OnActin Resources\"},\"image\":{\"@id\":\"https:\\\/\\\/onactin.eu\\\/#\\\/schema\\\/logo\\\/image\\\/\"},\"sameAs\":[\"https:\\\/\\\/www.facebook.com\\\/profile.php?id=61561281547239\",\"https:\\\/\\\/www.instagram.com\\\/act_connect_integration\\\/\",\"https:\\\/\\\/www.linkedin.com\\\/groups\\\/13083360\\\/\"]}]}<\/script>\n<!-- \/ Yoast SEO plugin. -->","yoast_head_json":{"title":"D\u00e9claration d'accessibilit\u00e9 - OnActin Resources","robots":{"index":"index","follow":"follow","max-snippet":"max-snippet:-1","max-image-preview":"max-image-preview:large","max-video-preview":"max-video-preview:-1"},"canonical":"https:\/\/onactin.eu\/fr\/declaration-daccessibilite\/","og_locale":"fr_FR","og_type":"article","og_title":"Accessibility Statement - OnActin Resources","og_description":"ActIn is committed to ensuring digital accessibility for people with disabilities. We are continually improving the user experience for everyone and applying the relevant accessibility standards. Conformance status The Web Content Accessibility Guidelines (WCAG) defines requirements for designers and developers to improve accessibility for people with disabilities. It defines three levels of conformance: Level A, [&hellip;]","og_url":"https:\/\/onactin.eu\/fr\/declaration-daccessibilite\/","og_site_name":"OnActin Resources","article_publisher":"https:\/\/www.facebook.com\/profile.php?id=61561281547239","article_modified_time":"2025-07-28T14:19:56+00:00","twitter_card":"summary_large_image","twitter_misc":{"Dur\u00e9e de lecture estim\u00e9e":"1 minute"},"schema":{"@context":"https:\/\/schema.org","@graph":[{"@type":"WebPage","@id":"https:\/\/onactin.eu\/accessibility-statement\/","url":"https:\/\/onactin.eu\/accessibility-statement\/","name":"D\u00e9claration d'accessibilit\u00e9 - OnActin Resources","isPartOf":{"@id":"https:\/\/onactin.eu\/#website"},"datePublished":"2025-07-28T13:06:28+00:00","dateModified":"2025-07-28T14:19:56+00:00","breadcrumb":{"@id":"https:\/\/onactin.eu\/accessibility-statement\/#breadcrumb"},"inLanguage":"fr-FR","potentialAction":[{"@type":"ReadAction","target":["https:\/\/onactin.eu\/accessibility-statement\/"]}]},{"@type":"BreadcrumbList","@id":"https:\/\/onactin.eu\/accessibility-statement\/#breadcrumb","itemListElement":[{"@type":"ListItem","position":1,"name":"Home","item":"https:\/\/onactin.eu\/"},{"@type":"ListItem","position":2,"name":"Accessibility Statement"}]},{"@type":"WebSite","@id":"https:\/\/onactin.eu\/#website","url":"https:\/\/onactin.eu\/","name":"Ressources OnActin","description":"","publisher":{"@id":"https:\/\/onactin.eu\/#organization"},"potentialAction":[{"@type":"SearchAction","target":{"@type":"EntryPoint","urlTemplate":"https:\/\/onactin.eu\/?s={search_term_string}"},"query-input":{"@type":"PropertyValueSpecification","valueRequired":true,"valueName":"search_term_string"}}],"inLanguage":"fr-FR"},{"@type":"Organization","@id":"https:\/\/onactin.eu\/#organization","name":"Ressources OnActin","url":"https:\/\/onactin.eu\/","logo":{"@type":"ImageObject","inLanguage":"fr-FR","@id":"https:\/\/onactin.eu\/#\/schema\/logo\/image\/","url":"https:\/\/onactin.eu\/wp-content\/uploads\/2025\/07\/Actin-Logo.png","contentUrl":"https:\/\/onactin.eu\/wp-content\/uploads\/2025\/07\/Actin-Logo.png","width":368,"height":165,"caption":"OnActin Resources"},"image":{"@id":"https:\/\/onactin.eu\/#\/schema\/logo\/image\/"},"sameAs":["https:\/\/www.facebook.com\/profile.php?id=61561281547239","https:\/\/www.instagram.com\/act_connect_integration\/","https:\/\/www.linkedin.com\/groups\/13083360\/"]}]}},"_links":{"self":[{"href":"https:\/\/onactin.eu\/fr\/wp-json\/wp\/v2\/pages\/13","targetHints":{"allow":["GET"]}}],"collection":[{"href":"https:\/\/onactin.eu\/fr\/wp-json\/wp\/v2\/pages"}],"about":[{"href":"https:\/\/onactin.eu\/fr\/wp-json\/wp\/v2\/types\/page"}],"author":[{"embeddable":true,"href":"https:\/\/onactin.eu\/fr\/wp-json\/wp\/v2\/users\/2"}],"replies":[{"embeddable":true,"href":"https:\/\/onactin.eu\/fr\/wp-json\/wp\/v2\/comments?post=13"}],"version-history":[{"count":5,"href":"https:\/\/onactin.eu\/fr\/wp-json\/wp\/v2\/pages\/13\/revisions"}],"predecessor-version":[{"id":63,"href":"https:\/\/onactin.eu\/fr\/wp-json\/wp\/v2\/pages\/13\/revisions\/63"}],"wp:attachment":[{"href":"https:\/\/onactin.eu\/fr\/wp-json\/wp\/v2\/media?parent=13"}],"curies":[{"name":"wp","href":"https:\/\/api.w.org\/{rel}","templated":true}]}}