{"id":570,"date":"2025-09-29T10:53:00","date_gmt":"2025-09-29T09:53:00","guid":{"rendered":"https:\/\/onactin.eu\/?page_id=570"},"modified":"2025-10-28T10:41:22","modified_gmt":"2025-10-28T09:41:22","slug":"ressources","status":"publish","type":"page","link":"https:\/\/onactin.eu\/fr\/resources\/","title":{"rendered":"Ressources"},"content":{"rendered":"<div data-elementor-type=\"wp-page\" data-elementor-id=\"570\" class=\"elementor elementor-570\" data-elementor-post-type=\"page\">\n\t\t\t\t<div class=\"elementor-element elementor-element-f8ba050 e-con-full e-flex e-con e-parent\" data-id=\"f8ba050\" data-element_type=\"container\" data-e-type=\"container\">\n\t\t<div class=\"elementor-element elementor-element-12ce9fc e-con-full e-flex e-con e-child\" data-id=\"12ce9fc\" data-element_type=\"container\" data-e-type=\"container\">\n\t\t\t\t<div class=\"elementor-element elementor-element-223d599 elementor-widget elementor-widget-heading\" data-id=\"223d599\" data-element_type=\"widget\" data-e-type=\"widget\" data-widget_type=\"heading.default\">\n\t\t\t\t\t<h1 class=\"elementor-heading-title elementor-size-default\">Ressources<\/h1>\t\t\t\t<\/div>\n\t\t<div class=\"elementor-element elementor-element-3917c81 e-con-full e-flex e-con e-child\" data-id=\"3917c81\" data-element_type=\"container\" data-e-type=\"container\">\n\t\t<div class=\"elementor-element elementor-element-b23ec35 e-con-full e-flex e-con e-child\" data-id=\"b23ec35\" data-element_type=\"container\" data-e-type=\"container\">\n\t\t\t\t<div class=\"elementor-element elementor-element-435a219 elementor-widget elementor-widget-heading\" data-id=\"435a219\" data-element_type=\"widget\" data-e-type=\"widget\" data-widget_type=\"heading.default\">\n\t\t\t\t\t<h2 class=\"elementor-heading-title elementor-size-default\">Ressources pour l'\u00e9ducation formelle : Plans de cours et outils <\/h2>\t\t\t\t<\/div>\n\t\t\t\t<div class=\"elementor-element elementor-element-c350766 elementor-widget elementor-widget-text-editor\" data-id=\"c350766\" data-element_type=\"widget\" data-e-type=\"widget\" data-widget_type=\"text-editor.default\">\n\t\t\t\t\t\t\t\t\t<p>Cette section pr\u00e9sente des plans de cours, des sc\u00e9narios de sensibilisation culturelle et du mat\u00e9riel de formation des enseignants ax\u00e9s sur le soutien aux apprenants migrants et r\u00e9fugi\u00e9s dans le cadre de l'\u00e9ducation formelle (par exemple, dans les \u00e9coles primaires et secondaires). Ces ressources sont disponibles en cinq langues (anglais, fran\u00e7ais, allemand, grec, polonais).<\/p>\t\t\t\t\t\t\t\t<\/div>\n\t\t\t\t<div class=\"elementor-element elementor-element-f547bca animated-slow elementor-invisible elementor-widget elementor-widget-button\" data-id=\"f547bca\" data-element_type=\"widget\" data-e-type=\"widget\" data-settings=\"{&quot;_animation&quot;:&quot;fadeInUp&quot;}\" data-widget_type=\"button.default\">\n\t\t\t\t\t\t\t\t\t\t<a class=\"elementor-button elementor-button-link elementor-size-sm\" href=\"https:\/\/onactin.eu\/fr\/ressources-pour-les-educateurs\/\">\n\t\t\t\t\t\t<span class=\"elementor-button-content-wrapper\">\n\t\t\t\t\t\t<span class=\"elementor-button-icon\">\n\t\t\t\t<svg aria-hidden=\"true\" class=\"e-font-icon-svg e-fas-arrow-alt-circle-right\" viewbox=\"0 0 512 512\" xmlns=\"http:\/\/www.w3.org\/2000\/svg\"><path d=\"M256 8c137 0 248 111 248 248S393 504 256 504 8 393 8 256 119 8 256 8zM140 300h116v70.9c0 10.7 13 16.1 20.5 8.5l114.3-114.9c4.7-4.7 4.7-12.2 0-16.9l-114.3-115c-7.6-7.6-20.5-2.2-20.5 8.5V212H140c-6.6 0-12 5.4-12 12v64c0 6.6 5.4 12 12 12z\"><\/path><\/svg>\t\t\t<\/span>\n\t\t\t\t\t\t\t\t\t<span class=\"elementor-button-text\">Plans de cours<\/span>\n\t\t\t\t\t<\/span>\n\t\t\t\t\t<\/a>\n\t\t\t\t\t\t\t\t<\/div>\n\t\t\t\t<div class=\"elementor-element elementor-element-272041e animated-slow elementor-invisible elementor-widget elementor-widget-button\" data-id=\"272041e\" data-element_type=\"widget\" data-e-type=\"widget\" data-settings=\"{&quot;_animation&quot;:&quot;fadeInUp&quot;,&quot;_animation_delay&quot;:300}\" data-widget_type=\"button.default\">\n\t\t\t\t\t\t\t\t\t\t<a class=\"elementor-button elementor-button-link elementor-size-sm\" href=\"https:\/\/onactin.eu\/fr\/ressources-pour-les-educateurs\/\">\n\t\t\t\t\t\t<span class=\"elementor-button-content-wrapper\">\n\t\t\t\t\t\t<span class=\"elementor-button-icon\">\n\t\t\t\t<svg aria-hidden=\"true\" class=\"e-font-icon-svg e-fas-arrow-alt-circle-right\" viewbox=\"0 0 512 512\" xmlns=\"http:\/\/www.w3.org\/2000\/svg\"><path d=\"M256 8c137 0 248 111 248 248S393 504 256 504 8 393 8 256 119 8 256 8zM140 300h116v70.9c0 10.7 13 16.1 20.5 8.5l114.3-114.9c4.7-4.7 4.7-12.2 0-16.9l-114.3-115c-7.6-7.6-20.5-2.2-20.5 8.5V212H140c-6.6 0-12 5.4-12 12v64c0 6.6 5.4 12 12 12z\"><\/path><\/svg>\t\t\t<\/span>\n\t\t\t\t\t\t\t\t\t<span class=\"elementor-button-text\">Sc\u00e9narios de sensibilisation culturelle<\/span>\n\t\t\t\t\t<\/span>\n\t\t\t\t\t<\/a>\n\t\t\t\t\t\t\t\t<\/div>\n\t\t\t\t<div class=\"elementor-element elementor-element-7eccf12 animated-slow elementor-invisible elementor-widget elementor-widget-button\" data-id=\"7eccf12\" data-element_type=\"widget\" data-e-type=\"widget\" data-settings=\"{&quot;_animation&quot;:&quot;fadeInUp&quot;,&quot;_animation_delay&quot;:600}\" data-widget_type=\"button.default\">\n\t\t\t\t\t\t\t\t\t\t<a class=\"elementor-button elementor-button-link elementor-size-sm\" href=\"https:\/\/onactin.eu\/fr\/ressources-pour-les-educateurs\/\">\n\t\t\t\t\t\t<span class=\"elementor-button-content-wrapper\">\n\t\t\t\t\t\t<span class=\"elementor-button-icon\">\n\t\t\t\t<svg aria-hidden=\"true\" class=\"e-font-icon-svg e-fas-arrow-alt-circle-right\" viewbox=\"0 0 512 512\" xmlns=\"http:\/\/www.w3.org\/2000\/svg\"><path d=\"M256 8c137 0 248 111 248 248S393 504 256 504 8 393 8 256 119 8 256 8zM140 300h116v70.9c0 10.7 13 16.1 20.5 8.5l114.3-114.9c4.7-4.7 4.7-12.2 0-16.9l-114.3-115c-7.6-7.6-20.5-2.2-20.5 8.5V212H140c-6.6 0-12 5.4-12 12v64c0 6.6 5.4 12 12 12z\"><\/path><\/svg>\t\t\t<\/span>\n\t\t\t\t\t\t\t\t\t<span class=\"elementor-button-text\">Mat\u00e9riel de formation des enseignants<\/span>\n\t\t\t\t\t<\/span>\n\t\t\t\t\t<\/a>\n\t\t\t\t\t\t\t\t<\/div>\n\t\t\t\t<\/div>\n\t\t<div class=\"elementor-element elementor-element-d06c9cd e-con-full e-flex e-con e-child\" data-id=\"d06c9cd\" data-element_type=\"container\" data-e-type=\"container\">\n\t\t\t\t<div class=\"elementor-element elementor-element-da3875d elementor-widget elementor-widget-heading\" data-id=\"da3875d\" data-element_type=\"widget\" data-e-type=\"widget\" data-widget_type=\"heading.default\">\n\t\t\t\t\t<h2 class=\"elementor-heading-title elementor-size-default\">Ressources communautaires : Guides et outils<\/h2>\t\t\t\t<\/div>\n\t\t\t\t<div class=\"elementor-element elementor-element-aab474e elementor-widget elementor-widget-text-editor\" data-id=\"aab474e\" data-element_type=\"widget\" data-e-type=\"widget\" data-widget_type=\"text-editor.default\">\n\t\t\t\t\t\t\t\t\t<p>Cette section pr\u00e9sente des guides et des outils permettant d'utiliser le pouvoir des environnements d'apprentissage non formels et informels pour soutenir l'int\u00e9gration des enfants et des jeunes migrants et r\u00e9fugi\u00e9s. Bien que l'enseignement formel soit essentiel, ces ressources reconnaissent que l'apprentissage de la langue, le renforcement de la confiance en soi et les liens avec la communaut\u00e9 se font souvent par le biais de repas partag\u00e9s, de sports, d'arts et de relations avec les pairs. Ces ressources sont disponibles en cinq langues (anglais, fran\u00e7ais, allemand, grec, polonais).<\/p>\t\t\t\t\t\t\t\t<\/div>\n\t\t\t\t<div class=\"elementor-element elementor-element-f9e6286 animated-slow elementor-invisible elementor-widget elementor-widget-button\" data-id=\"f9e6286\" data-element_type=\"widget\" data-e-type=\"widget\" data-settings=\"{&quot;_animation&quot;:&quot;fadeInUp&quot;}\" data-widget_type=\"button.default\">\n\t\t\t\t\t\t\t\t\t\t<a class=\"elementor-button elementor-button-link elementor-size-sm\" href=\"https:\/\/onactin.eu\/fr\/ressources-communautaires\/\">\n\t\t\t\t\t\t<span class=\"elementor-button-content-wrapper\">\n\t\t\t\t\t\t<span class=\"elementor-button-icon\">\n\t\t\t\t<svg aria-hidden=\"true\" class=\"e-font-icon-svg e-fas-arrow-alt-circle-right\" viewbox=\"0 0 512 512\" xmlns=\"http:\/\/www.w3.org\/2000\/svg\"><path d=\"M256 8c137 0 248 111 248 248S393 504 256 504 8 393 8 256 119 8 256 8zM140 300h116v70.9c0 10.7 13 16.1 20.5 8.5l114.3-114.9c4.7-4.7 4.7-12.2 0-16.9l-114.3-115c-7.6-7.6-20.5-2.2-20.5 8.5V212H140c-6.6 0-12 5.4-12 12v64c0 6.6 5.4 12 12 12z\"><\/path><\/svg>\t\t\t<\/span>\n\t\t\t\t\t\t\t\t\t<span class=\"elementor-button-text\">Voir les ressources communautaires<\/span>\n\t\t\t\t\t<\/span>\n\t\t\t\t\t<\/a>\n\t\t\t\t\t\t\t\t<\/div>\n\t\t\t\t<\/div>\n\t\t<div class=\"elementor-element elementor-element-68971ed e-con-full e-flex e-con e-child\" data-id=\"68971ed\" data-element_type=\"container\" data-e-type=\"container\">\n\t\t\t\t<div class=\"elementor-element elementor-element-d103564 elementor-widget elementor-widget-heading\" data-id=\"d103564\" data-element_type=\"widget\" data-e-type=\"widget\" data-widget_type=\"heading.default\">\n\t\t\t\t\t<h2 class=\"elementor-heading-title elementor-size-default\">Ressources pour les apprenants<\/h2>\t\t\t\t<\/div>\n\t\t\t\t<div class=\"elementor-element elementor-element-62d221b elementor-widget elementor-widget-text-editor\" data-id=\"62d221b\" data-element_type=\"widget\" data-e-type=\"widget\" data-widget_type=\"text-editor.default\">\n\t\t\t\t\t\t\t\t\t<p>Bient\u00f4t disponible...<\/p>\t\t\t\t\t\t\t\t<\/div>\n\t\t\t\t<div class=\"elementor-element elementor-element-e766966 animated-slow elementor-invisible elementor-widget elementor-widget-button\" data-id=\"e766966\" data-element_type=\"widget\" data-e-type=\"widget\" data-settings=\"{&quot;_animation&quot;:&quot;fadeInUp&quot;}\" data-widget_type=\"button.default\">\n\t\t\t\t\t\t\t\t\t\t<a class=\"elementor-button elementor-size-sm\" role=\"button\">\n\t\t\t\t\t\t<span class=\"elementor-button-content-wrapper\">\n\t\t\t\t\t\t<span class=\"elementor-button-icon\">\n\t\t\t\t<svg aria-hidden=\"true\" class=\"e-font-icon-svg e-fas-arrow-alt-circle-right\" viewbox=\"0 0 512 512\" xmlns=\"http:\/\/www.w3.org\/2000\/svg\"><path d=\"M256 8c137 0 248 111 248 248S393 504 256 504 8 393 8 256 119 8 256 8zM140 300h116v70.9c0 10.7 13 16.1 20.5 8.5l114.3-114.9c4.7-4.7 4.7-12.2 0-16.9l-114.3-115c-7.6-7.6-20.5-2.2-20.5 8.5V212H140c-6.6 0-12 5.4-12 12v64c0 6.6 5.4 12 12 12z\"><\/path><\/svg>\t\t\t<\/span>\n\t\t\t\t\t\t\t\t\t<span class=\"elementor-button-text\">Jeux<\/span>\n\t\t\t\t\t<\/span>\n\t\t\t\t\t<\/a>\n\t\t\t\t\t\t\t\t<\/div>\n\t\t\t\t<div class=\"elementor-element elementor-element-487a162 animated-slow elementor-invisible elementor-widget elementor-widget-button\" data-id=\"487a162\" data-element_type=\"widget\" data-e-type=\"widget\" data-settings=\"{&quot;_animation&quot;:&quot;fadeInUp&quot;,&quot;_animation_delay&quot;:300}\" data-widget_type=\"button.default\">\n\t\t\t\t\t\t\t\t\t\t<a class=\"elementor-button elementor-size-sm\" role=\"button\">\n\t\t\t\t\t\t<span class=\"elementor-button-content-wrapper\">\n\t\t\t\t\t\t<span class=\"elementor-button-icon\">\n\t\t\t\t<svg aria-hidden=\"true\" class=\"e-font-icon-svg e-fas-arrow-alt-circle-right\" viewbox=\"0 0 512 512\" xmlns=\"http:\/\/www.w3.org\/2000\/svg\"><path d=\"M256 8c137 0 248 111 248 248S393 504 256 504 8 393 8 256 119 8 256 8zM140 300h116v70.9c0 10.7 13 16.1 20.5 8.5l114.3-114.9c4.7-4.7 4.7-12.2 0-16.9l-114.3-115c-7.6-7.6-20.5-2.2-20.5 8.5V212H140c-6.6 0-12 5.4-12 12v64c0 6.6 5.4 12 12 12z\"><\/path><\/svg>\t\t\t<\/span>\n\t\t\t\t\t\t\t\t\t<span class=\"elementor-button-text\">Autres activit\u00e9s<\/span>\n\t\t\t\t\t<\/span>\n\t\t\t\t\t<\/a>\n\t\t\t\t\t\t\t\t<\/div>\n\t\t\t\t<\/div>\n\t\t\t\t<\/div>\n\t\t\t\t<\/div>\n\t\t\t\t<\/div>\n\t\t\t\t<\/div>","protected":false},"excerpt":{"rendered":"<p>Formal Education Resources: Lesson Plans &amp; Tools This section features Lesson Plans, Cultural Awareness Scenarios, and Teacher Training Material focusing on supporting migrant and refugee learners in\u00a0formal education settings\u00a0(e.g., primary and secondary schools). These resources are provided across\u00a0five languages\u00a0(English, French, German, Greek, Polish). Lesson Plans Cultural Awareness Scenarios Teacher Training Material Community Resources: Guides &amp; [&hellip;]<\/p>\n","protected":false},"author":2,"featured_media":0,"parent":0,"menu_order":0,"comment_status":"closed","ping_status":"closed","template":"elementor_header_footer","meta":{"_acf_changed":false,"_crdt_document":"","inline_featured_image":false,"footnotes":""},"class_list":["post-570","page","type-page","status-publish","hentry"],"acf":[],"yoast_head":"<!-- This site is optimized with the Yoast SEO plugin v27.4 - https:\/\/yoast.com\/product\/yoast-seo-wordpress\/ -->\n<title>OnActin - Language learning &amp; cultural awareness<\/title>\n<meta name=\"description\" content=\"ACTIN is an EU project that supports &amp; reinforces the integration of migrant children &amp; adolescents in education &amp; European society.\" \/>\n<meta name=\"robots\" content=\"index, follow, max-snippet:-1, max-image-preview:large, max-video-preview:-1\" \/>\n<link rel=\"canonical\" href=\"https:\/\/onactin.eu\/fr\/\" \/>\n<meta property=\"og:locale\" content=\"fr_FR\" \/>\n<meta property=\"og:type\" content=\"article\" \/>\n<meta property=\"og:title\" content=\"OnActin - Language learning &amp; cultural awareness\" \/>\n<meta property=\"og:description\" content=\"ACTIN is an EU project that supports &amp; reinforces the integration of migrant children &amp; adolescents in education &amp; European society.\" \/>\n<meta property=\"og:url\" content=\"https:\/\/onactin.eu\/fr\/\" \/>\n<meta property=\"og:site_name\" content=\"OnActin Resources\" \/>\n<meta property=\"article:publisher\" content=\"https:\/\/www.facebook.com\/profile.php?id=61561281547239\" \/>\n<meta property=\"article:modified_time\" content=\"2025-10-28T09:41:22+00:00\" \/>\n<meta property=\"og:image\" content=\"https:\/\/onactin.eu\/wp-content\/uploads\/2025\/07\/Favicon.png\" \/>\n\t<meta property=\"og:image:width\" content=\"164\" \/>\n\t<meta property=\"og:image:height\" content=\"165\" \/>\n\t<meta property=\"og:image:type\" content=\"image\/png\" \/>\n<meta name=\"twitter:card\" content=\"summary_large_image\" \/>\n<meta name=\"twitter:title\" content=\"OnActin - Language learning &amp; cultural awareness\" \/>\n<meta name=\"twitter:description\" content=\"ACTIN is an EU project that supports &amp; reinforces the integration of migrant children &amp; adolescents in education &amp; European society.\" \/>\n<meta name=\"twitter:image\" content=\"https:\/\/onactin.eu\/wp-content\/uploads\/2025\/07\/Favicon.png\" \/>\n<meta name=\"twitter:label1\" content=\"Dur\u00e9e de lecture estim\u00e9e\" \/>\n\t<meta name=\"twitter:data1\" content=\"1 minute\" \/>\n<script type=\"application\/ld+json\" class=\"yoast-schema-graph\">{\"@context\":\"https:\\\/\\\/schema.org\",\"@graph\":[{\"@type\":\"WebPage\",\"@id\":\"https:\\\/\\\/onactin.eu\\\/resources\\\/\",\"url\":\"https:\\\/\\\/onactin.eu\\\/\",\"name\":\"OnActin - Language learning & cultural awareness\",\"isPartOf\":{\"@id\":\"https:\\\/\\\/onactin.eu\\\/#website\"},\"datePublished\":\"2025-09-29T09:53:00+00:00\",\"dateModified\":\"2025-10-28T09:41:22+00:00\",\"description\":\"ACTIN is an EU project that supports & reinforces the integration of migrant children & adolescents in education & European society.\",\"breadcrumb\":{\"@id\":\"https:\\\/\\\/onactin.eu\\\/#breadcrumb\"},\"inLanguage\":\"fr-FR\",\"potentialAction\":[{\"@type\":\"ReadAction\",\"target\":[\"https:\\\/\\\/onactin.eu\\\/\"]}]},{\"@type\":\"BreadcrumbList\",\"@id\":\"https:\\\/\\\/onactin.eu\\\/#breadcrumb\",\"itemListElement\":[{\"@type\":\"ListItem\",\"position\":1,\"name\":\"Home\",\"item\":\"https:\\\/\\\/onactin.eu\\\/\"},{\"@type\":\"ListItem\",\"position\":2,\"name\":\"Resources\"}]},{\"@type\":\"WebSite\",\"@id\":\"https:\\\/\\\/onactin.eu\\\/#website\",\"url\":\"https:\\\/\\\/onactin.eu\\\/\",\"name\":\"OnActin Resources\",\"description\":\"\",\"publisher\":{\"@id\":\"https:\\\/\\\/onactin.eu\\\/#organization\"},\"potentialAction\":[{\"@type\":\"SearchAction\",\"target\":{\"@type\":\"EntryPoint\",\"urlTemplate\":\"https:\\\/\\\/onactin.eu\\\/?s={search_term_string}\"},\"query-input\":{\"@type\":\"PropertyValueSpecification\",\"valueRequired\":true,\"valueName\":\"search_term_string\"}}],\"inLanguage\":\"fr-FR\"},{\"@type\":\"Organization\",\"@id\":\"https:\\\/\\\/onactin.eu\\\/#organization\",\"name\":\"OnActin Resources\",\"url\":\"https:\\\/\\\/onactin.eu\\\/\",\"logo\":{\"@type\":\"ImageObject\",\"inLanguage\":\"fr-FR\",\"@id\":\"https:\\\/\\\/onactin.eu\\\/#\\\/schema\\\/logo\\\/image\\\/\",\"url\":\"https:\\\/\\\/onactin.eu\\\/wp-content\\\/uploads\\\/2025\\\/07\\\/Actin-Logo.png\",\"contentUrl\":\"https:\\\/\\\/onactin.eu\\\/wp-content\\\/uploads\\\/2025\\\/07\\\/Actin-Logo.png\",\"width\":368,\"height\":165,\"caption\":\"OnActin Resources\"},\"image\":{\"@id\":\"https:\\\/\\\/onactin.eu\\\/#\\\/schema\\\/logo\\\/image\\\/\"},\"sameAs\":[\"https:\\\/\\\/www.facebook.com\\\/profile.php?id=61561281547239\",\"https:\\\/\\\/www.instagram.com\\\/act_connect_integration\\\/\",\"https:\\\/\\\/www.linkedin.com\\\/groups\\\/13083360\\\/\"]}]}<\/script>\n<!-- \/ Yoast SEO plugin. -->","yoast_head_json":{"title":"OnActin - Apprentissage des langues et sensibilisation culturelle","description":"ACTIN est un projet de l'UE qui soutient et renforce l'int\u00e9gration des enfants et adolescents migrants dans l'\u00e9ducation et la soci\u00e9t\u00e9 europ\u00e9enne.","robots":{"index":"index","follow":"follow","max-snippet":"max-snippet:-1","max-image-preview":"max-image-preview:large","max-video-preview":"max-video-preview:-1"},"canonical":"https:\/\/onactin.eu\/fr\/","og_locale":"fr_FR","og_type":"article","og_title":"OnActin - Language learning & cultural awareness","og_description":"ACTIN is an EU project that supports & reinforces the integration of migrant children & adolescents in education & European society.","og_url":"https:\/\/onactin.eu\/fr\/","og_site_name":"OnActin Resources","article_publisher":"https:\/\/www.facebook.com\/profile.php?id=61561281547239","article_modified_time":"2025-10-28T09:41:22+00:00","og_image":[{"width":164,"height":165,"url":"https:\/\/onactin.eu\/wp-content\/uploads\/2025\/07\/Favicon.png","type":"image\/png"}],"twitter_card":"summary_large_image","twitter_title":"OnActin - Language learning & cultural awareness","twitter_description":"ACTIN is an EU project that supports & reinforces the integration of migrant children & adolescents in education & European society.","twitter_image":"https:\/\/onactin.eu\/wp-content\/uploads\/2025\/07\/Favicon.png","twitter_misc":{"Dur\u00e9e de lecture estim\u00e9e":"1 minute"},"schema":{"@context":"https:\/\/schema.org","@graph":[{"@type":"WebPage","@id":"https:\/\/onactin.eu\/resources\/","url":"https:\/\/onactin.eu\/","name":"OnActin - Apprentissage des langues et sensibilisation culturelle","isPartOf":{"@id":"https:\/\/onactin.eu\/#website"},"datePublished":"2025-09-29T09:53:00+00:00","dateModified":"2025-10-28T09:41:22+00:00","description":"ACTIN est un projet de l'UE qui soutient et renforce l'int\u00e9gration des enfants et adolescents migrants dans l'\u00e9ducation et la soci\u00e9t\u00e9 europ\u00e9enne.","breadcrumb":{"@id":"https:\/\/onactin.eu\/#breadcrumb"},"inLanguage":"fr-FR","potentialAction":[{"@type":"ReadAction","target":["https:\/\/onactin.eu\/"]}]},{"@type":"BreadcrumbList","@id":"https:\/\/onactin.eu\/#breadcrumb","itemListElement":[{"@type":"ListItem","position":1,"name":"Home","item":"https:\/\/onactin.eu\/"},{"@type":"ListItem","position":2,"name":"Resources"}]},{"@type":"WebSite","@id":"https:\/\/onactin.eu\/#website","url":"https:\/\/onactin.eu\/","name":"Ressources OnActin","description":"","publisher":{"@id":"https:\/\/onactin.eu\/#organization"},"potentialAction":[{"@type":"SearchAction","target":{"@type":"EntryPoint","urlTemplate":"https:\/\/onactin.eu\/?s={search_term_string}"},"query-input":{"@type":"PropertyValueSpecification","valueRequired":true,"valueName":"search_term_string"}}],"inLanguage":"fr-FR"},{"@type":"Organization","@id":"https:\/\/onactin.eu\/#organization","name":"Ressources OnActin","url":"https:\/\/onactin.eu\/","logo":{"@type":"ImageObject","inLanguage":"fr-FR","@id":"https:\/\/onactin.eu\/#\/schema\/logo\/image\/","url":"https:\/\/onactin.eu\/wp-content\/uploads\/2025\/07\/Actin-Logo.png","contentUrl":"https:\/\/onactin.eu\/wp-content\/uploads\/2025\/07\/Actin-Logo.png","width":368,"height":165,"caption":"OnActin Resources"},"image":{"@id":"https:\/\/onactin.eu\/#\/schema\/logo\/image\/"},"sameAs":["https:\/\/www.facebook.com\/profile.php?id=61561281547239","https:\/\/www.instagram.com\/act_connect_integration\/","https:\/\/www.linkedin.com\/groups\/13083360\/"]}]}},"_links":{"self":[{"href":"https:\/\/onactin.eu\/fr\/wp-json\/wp\/v2\/pages\/570","targetHints":{"allow":["GET"]}}],"collection":[{"href":"https:\/\/onactin.eu\/fr\/wp-json\/wp\/v2\/pages"}],"about":[{"href":"https:\/\/onactin.eu\/fr\/wp-json\/wp\/v2\/types\/page"}],"author":[{"embeddable":true,"href":"https:\/\/onactin.eu\/fr\/wp-json\/wp\/v2\/users\/2"}],"replies":[{"embeddable":true,"href":"https:\/\/onactin.eu\/fr\/wp-json\/wp\/v2\/comments?post=570"}],"version-history":[{"count":19,"href":"https:\/\/onactin.eu\/fr\/wp-json\/wp\/v2\/pages\/570\/revisions"}],"predecessor-version":[{"id":755,"href":"https:\/\/onactin.eu\/fr\/wp-json\/wp\/v2\/pages\/570\/revisions\/755"}],"wp:attachment":[{"href":"https:\/\/onactin.eu\/fr\/wp-json\/wp\/v2\/media?parent=570"}],"curies":[{"name":"wp","href":"https:\/\/api.w.org\/{rel}","templated":true}]}}