{"id":13,"date":"2025-07-28T14:06:28","date_gmt":"2025-07-28T13:06:28","guid":{"rendered":"https:\/\/onactin.eu\/?page_id=13"},"modified":"2025-07-28T15:19:56","modified_gmt":"2025-07-28T14:19:56","slug":"oswiadczenie-o-dostepnosci","status":"publish","type":"page","link":"https:\/\/onactin.eu\/pl\/accessibility-statement\/","title":{"rendered":"O\u015bwiadczenie o dost\u0119pno\u015bci"},"content":{"rendered":"<div data-elementor-type=\"wp-page\" data-elementor-id=\"13\" class=\"elementor elementor-13\" data-elementor-post-type=\"page\">\n\t\t\t\t<div class=\"elementor-element elementor-element-5e1b02bd e-con-full e-flex e-con e-parent\" data-id=\"5e1b02bd\" data-element_type=\"container\" data-e-type=\"container\">\n\t\t\t\t<div class=\"elementor-element elementor-element-6a7ba78 elementor-widget elementor-widget-heading\" data-id=\"6a7ba78\" data-element_type=\"widget\" data-e-type=\"widget\" data-widget_type=\"heading.default\">\n\t\t\t\t\t<h1 class=\"elementor-heading-title elementor-size-default\">O\u015bwiadczenie o dost\u0119pno\u015bci<\/h1>\t\t\t\t<\/div>\n\t\t\t\t<div class=\"elementor-element elementor-element-52278b35 elementor-widget elementor-widget-text-editor\" data-id=\"52278b35\" data-element_type=\"widget\" data-e-type=\"widget\" data-widget_type=\"text-editor.default\">\n\t\t\t\t\t\t\t\t\t\r\n\r\n\r\n<p class=\"wp-block-paragraph\"><strong>ActIn<\/strong> zobowi\u0105zuje si\u0119 do zapewnienia dost\u0119pno\u015bci cyfrowej dla os\u00f3b niepe\u0142nosprawnych. Nieustannie poprawiamy komfort u\u017cytkowania dla wszystkich i stosujemy odpowiednie standardy dost\u0119pno\u015bci.<\/p>\r\n\r\n\r\n\r\n<p><strong>Status zgodno\u015bci<\/strong><\/p>\r\n\r\n\r\n\r\n<p class=\"wp-block-paragraph\">Wytyczne dotycz\u0105ce dost\u0119pno\u015bci tre\u015bci internetowych (WCAG) okre\u015blaj\u0105 wymagania dla projektant\u00f3w i programist\u00f3w w celu poprawy dost\u0119pno\u015bci dla os\u00f3b niepe\u0142nosprawnych. Okre\u015bla trzy poziomy zgodno\u015bci: Poziom A, Poziom AA i Poziom AAA.<\/p>\r\n\r\n\r\n\r\n<p class=\"wp-block-paragraph\"><strong>ActIn<\/strong> podejmuje ci\u0105g\u0142e wysi\u0142ki w celu poprawy dost\u0119pno\u015bci swojej witryny i us\u0142ug w przekonaniu, \u017ce naszym wsp\u00f3lnym moralnym obowi\u0105zkiem jest umo\u017cliwienie p\u0142ynnego, dost\u0119pnego i niezak\u0142\u00f3conego korzystania z nich osobom niepe\u0142nosprawnym.<\/p>\r\n\r\n\r\n\r\n<p class=\"wp-block-paragraph\">D\u0105\u017cymy do tego, aby wszystkie strony i tre\u015bci na <strong>https:\/\/onactin.eu\/<\/strong> dost\u0119pne, ale niekt\u00f3re tre\u015bci mog\u0105 jeszcze nie spe\u0142nia\u0107 najwy\u017cszych standard\u00f3w dost\u0119pno\u015bci. Mo\u017ce to wynika\u0107 z wyzwa\u0144 zwi\u0105zanych z okre\u015bleniem najbardziej odpowiedniego rozwi\u0105zania technologicznego.<\/p>\r\n\r\n\r\n\r\n<p class=\"wp-block-paragraph\">Niniejsze O\u015bwiadczenie mo\u017ce by\u0107 okresowo zmieniane w celu odzwierciedlenia ulepsze\u0144 lub zmian w naszych praktykach dotycz\u0105cych dost\u0119pno\u015bci.<\/p>\r\n\r\n\r\n\r\n<p><strong>Informacje zwrotne<\/strong><\/p>\r\n\r\n\r\n\r\n<p class=\"wp-block-paragraph\">Czekamy na Twoj\u0105 opini\u0119 na temat dost\u0119pno\u015bci <strong>ActIn<\/strong> strona internetowa. Poinformuj nas, je\u015bli napotkasz bariery dost\u0119pno\u015bci na naszej stronie internetowej:<\/p>\r\n\r\n\r\n\r\n<p class=\"wp-block-paragraph\">E-mail: <strong>actin@lit.auth.gr<\/strong><\/p>\r\n\r\n\r\n\r\n<p class=\"wp-block-paragraph\">Staramy si\u0119 odpowiada\u0107 na opinie w ci\u0105gu 3-5 dni roboczych.<\/p>\r\n\r\n\r\n\r\n<p class=\"wp-block-paragraph\">Niniejsze o\u015bwiadczenie zosta\u0142o utworzone w dniu 28\/07\/2025.<\/p>\r\n\t\t\t\t\t\t\t\t<\/div>\n\t\t\t\t<\/div>\n\t\t\t\t<\/div>","protected":false},"excerpt":{"rendered":"<p>ActIn is committed to ensuring digital accessibility for people with disabilities. We are continually improving the user experience for everyone and applying the relevant accessibility standards. Conformance status The Web Content Accessibility Guidelines (WCAG) defines requirements for designers and developers to improve accessibility for people with disabilities. It defines three levels of conformance: Level A, [&hellip;]<\/p>\n","protected":false},"author":2,"featured_media":0,"parent":0,"menu_order":0,"comment_status":"closed","ping_status":"closed","template":"elementor_header_footer","meta":{"_acf_changed":false,"_crdt_document":"","inline_featured_image":false,"footnotes":""},"class_list":["post-13","page","type-page","status-publish","hentry"],"acf":[],"yoast_head":"<!-- This site is optimized with the Yoast SEO plugin v27.4 - https:\/\/yoast.com\/product\/yoast-seo-wordpress\/ -->\n<title>Accessibility Statement - OnActin Resources<\/title>\n<meta name=\"robots\" content=\"index, follow, max-snippet:-1, max-image-preview:large, max-video-preview:-1\" \/>\n<link rel=\"canonical\" href=\"https:\/\/onactin.eu\/pl\/oswiadczenie-o-dostepnosci\/\" \/>\n<meta property=\"og:locale\" content=\"pl_PL\" \/>\n<meta property=\"og:type\" content=\"article\" \/>\n<meta property=\"og:title\" content=\"Accessibility Statement - OnActin Resources\" \/>\n<meta property=\"og:description\" content=\"ActIn is committed to ensuring digital accessibility for people with disabilities. We are continually improving the user experience for everyone and applying the relevant accessibility standards. Conformance status The Web Content Accessibility Guidelines (WCAG) defines requirements for designers and developers to improve accessibility for people with disabilities. It defines three levels of conformance: Level A, [&hellip;]\" \/>\n<meta property=\"og:url\" content=\"https:\/\/onactin.eu\/pl\/oswiadczenie-o-dostepnosci\/\" \/>\n<meta property=\"og:site_name\" content=\"OnActin Resources\" \/>\n<meta property=\"article:publisher\" content=\"https:\/\/www.facebook.com\/profile.php?id=61561281547239\" \/>\n<meta property=\"article:modified_time\" content=\"2025-07-28T14:19:56+00:00\" \/>\n<meta name=\"twitter:card\" content=\"summary_large_image\" \/>\n<meta name=\"twitter:label1\" content=\"Szacowany czas czytania\" \/>\n\t<meta name=\"twitter:data1\" content=\"1 minuta\" \/>\n<script type=\"application\/ld+json\" class=\"yoast-schema-graph\">{\"@context\":\"https:\\\/\\\/schema.org\",\"@graph\":[{\"@type\":\"WebPage\",\"@id\":\"https:\\\/\\\/onactin.eu\\\/accessibility-statement\\\/\",\"url\":\"https:\\\/\\\/onactin.eu\\\/accessibility-statement\\\/\",\"name\":\"Accessibility Statement - OnActin Resources\",\"isPartOf\":{\"@id\":\"https:\\\/\\\/onactin.eu\\\/#website\"},\"datePublished\":\"2025-07-28T13:06:28+00:00\",\"dateModified\":\"2025-07-28T14:19:56+00:00\",\"breadcrumb\":{\"@id\":\"https:\\\/\\\/onactin.eu\\\/accessibility-statement\\\/#breadcrumb\"},\"inLanguage\":\"pl-PL\",\"potentialAction\":[{\"@type\":\"ReadAction\",\"target\":[\"https:\\\/\\\/onactin.eu\\\/accessibility-statement\\\/\"]}]},{\"@type\":\"BreadcrumbList\",\"@id\":\"https:\\\/\\\/onactin.eu\\\/accessibility-statement\\\/#breadcrumb\",\"itemListElement\":[{\"@type\":\"ListItem\",\"position\":1,\"name\":\"Home\",\"item\":\"https:\\\/\\\/onactin.eu\\\/\"},{\"@type\":\"ListItem\",\"position\":2,\"name\":\"Accessibility Statement\"}]},{\"@type\":\"WebSite\",\"@id\":\"https:\\\/\\\/onactin.eu\\\/#website\",\"url\":\"https:\\\/\\\/onactin.eu\\\/\",\"name\":\"OnActin Resources\",\"description\":\"\",\"publisher\":{\"@id\":\"https:\\\/\\\/onactin.eu\\\/#organization\"},\"potentialAction\":[{\"@type\":\"SearchAction\",\"target\":{\"@type\":\"EntryPoint\",\"urlTemplate\":\"https:\\\/\\\/onactin.eu\\\/?s={search_term_string}\"},\"query-input\":{\"@type\":\"PropertyValueSpecification\",\"valueRequired\":true,\"valueName\":\"search_term_string\"}}],\"inLanguage\":\"pl-PL\"},{\"@type\":\"Organization\",\"@id\":\"https:\\\/\\\/onactin.eu\\\/#organization\",\"name\":\"OnActin Resources\",\"url\":\"https:\\\/\\\/onactin.eu\\\/\",\"logo\":{\"@type\":\"ImageObject\",\"inLanguage\":\"pl-PL\",\"@id\":\"https:\\\/\\\/onactin.eu\\\/#\\\/schema\\\/logo\\\/image\\\/\",\"url\":\"https:\\\/\\\/onactin.eu\\\/wp-content\\\/uploads\\\/2025\\\/07\\\/Actin-Logo.png\",\"contentUrl\":\"https:\\\/\\\/onactin.eu\\\/wp-content\\\/uploads\\\/2025\\\/07\\\/Actin-Logo.png\",\"width\":368,\"height\":165,\"caption\":\"OnActin Resources\"},\"image\":{\"@id\":\"https:\\\/\\\/onactin.eu\\\/#\\\/schema\\\/logo\\\/image\\\/\"},\"sameAs\":[\"https:\\\/\\\/www.facebook.com\\\/profile.php?id=61561281547239\",\"https:\\\/\\\/www.instagram.com\\\/act_connect_integration\\\/\",\"https:\\\/\\\/www.linkedin.com\\\/groups\\\/13083360\\\/\"]}]}<\/script>\n<!-- \/ Yoast SEO plugin. -->","yoast_head_json":{"title":"O\u015bwiadczenie o dost\u0119pno\u015bci - OnActin Resources","robots":{"index":"index","follow":"follow","max-snippet":"max-snippet:-1","max-image-preview":"max-image-preview:large","max-video-preview":"max-video-preview:-1"},"canonical":"https:\/\/onactin.eu\/pl\/oswiadczenie-o-dostepnosci\/","og_locale":"pl_PL","og_type":"article","og_title":"Accessibility Statement - OnActin Resources","og_description":"ActIn is committed to ensuring digital accessibility for people with disabilities. We are continually improving the user experience for everyone and applying the relevant accessibility standards. Conformance status The Web Content Accessibility Guidelines (WCAG) defines requirements for designers and developers to improve accessibility for people with disabilities. It defines three levels of conformance: Level A, [&hellip;]","og_url":"https:\/\/onactin.eu\/pl\/oswiadczenie-o-dostepnosci\/","og_site_name":"OnActin Resources","article_publisher":"https:\/\/www.facebook.com\/profile.php?id=61561281547239","article_modified_time":"2025-07-28T14:19:56+00:00","twitter_card":"summary_large_image","twitter_misc":{"Szacowany czas czytania":"1 minuta"},"schema":{"@context":"https:\/\/schema.org","@graph":[{"@type":"WebPage","@id":"https:\/\/onactin.eu\/accessibility-statement\/","url":"https:\/\/onactin.eu\/accessibility-statement\/","name":"O\u015bwiadczenie o dost\u0119pno\u015bci - OnActin Resources","isPartOf":{"@id":"https:\/\/onactin.eu\/#website"},"datePublished":"2025-07-28T13:06:28+00:00","dateModified":"2025-07-28T14:19:56+00:00","breadcrumb":{"@id":"https:\/\/onactin.eu\/accessibility-statement\/#breadcrumb"},"inLanguage":"pl-PL","potentialAction":[{"@type":"ReadAction","target":["https:\/\/onactin.eu\/accessibility-statement\/"]}]},{"@type":"BreadcrumbList","@id":"https:\/\/onactin.eu\/accessibility-statement\/#breadcrumb","itemListElement":[{"@type":"ListItem","position":1,"name":"Home","item":"https:\/\/onactin.eu\/"},{"@type":"ListItem","position":2,"name":"Accessibility Statement"}]},{"@type":"WebSite","@id":"https:\/\/onactin.eu\/#website","url":"https:\/\/onactin.eu\/","name":"Zasoby OnActin","description":"","publisher":{"@id":"https:\/\/onactin.eu\/#organization"},"potentialAction":[{"@type":"SearchAction","target":{"@type":"EntryPoint","urlTemplate":"https:\/\/onactin.eu\/?s={search_term_string}"},"query-input":{"@type":"PropertyValueSpecification","valueRequired":true,"valueName":"search_term_string"}}],"inLanguage":"pl-PL"},{"@type":"Organization","@id":"https:\/\/onactin.eu\/#organization","name":"Zasoby OnActin","url":"https:\/\/onactin.eu\/","logo":{"@type":"ImageObject","inLanguage":"pl-PL","@id":"https:\/\/onactin.eu\/#\/schema\/logo\/image\/","url":"https:\/\/onactin.eu\/wp-content\/uploads\/2025\/07\/Actin-Logo.png","contentUrl":"https:\/\/onactin.eu\/wp-content\/uploads\/2025\/07\/Actin-Logo.png","width":368,"height":165,"caption":"OnActin Resources"},"image":{"@id":"https:\/\/onactin.eu\/#\/schema\/logo\/image\/"},"sameAs":["https:\/\/www.facebook.com\/profile.php?id=61561281547239","https:\/\/www.instagram.com\/act_connect_integration\/","https:\/\/www.linkedin.com\/groups\/13083360\/"]}]}},"_links":{"self":[{"href":"https:\/\/onactin.eu\/pl\/wp-json\/wp\/v2\/pages\/13","targetHints":{"allow":["GET"]}}],"collection":[{"href":"https:\/\/onactin.eu\/pl\/wp-json\/wp\/v2\/pages"}],"about":[{"href":"https:\/\/onactin.eu\/pl\/wp-json\/wp\/v2\/types\/page"}],"author":[{"embeddable":true,"href":"https:\/\/onactin.eu\/pl\/wp-json\/wp\/v2\/users\/2"}],"replies":[{"embeddable":true,"href":"https:\/\/onactin.eu\/pl\/wp-json\/wp\/v2\/comments?post=13"}],"version-history":[{"count":5,"href":"https:\/\/onactin.eu\/pl\/wp-json\/wp\/v2\/pages\/13\/revisions"}],"predecessor-version":[{"id":63,"href":"https:\/\/onactin.eu\/pl\/wp-json\/wp\/v2\/pages\/13\/revisions\/63"}],"wp:attachment":[{"href":"https:\/\/onactin.eu\/pl\/wp-json\/wp\/v2\/media?parent=13"}],"curies":[{"name":"wp","href":"https:\/\/api.w.org\/{rel}","templated":true}]}}